{"id":714,"date":"2014-09-04T18:48:28","date_gmt":"2014-09-04T16:48:28","guid":{"rendered":"http:\/\/www.coccoedessi.it\/note-legaly\/?lang=en"},"modified":"2015-12-16T17:30:39","modified_gmt":"2015-12-16T16:30:39","slug":"note-legaly","status":"publish","type":"page","link":"https:\/\/www.coccoedessi.it\/en\/note-legaly\/","title":{"rendered":"Note Legaly"},"content":{"rendered":"<p style=\"color: #404040;\">Premessa<br \/>\nIl Ristorante Cocco &amp; Dess\u00ec vuole offrire, con questo sito, un\u2019informazione il pi\u00f9 possibile aggiornata, precisa e accessibile a chiunque desideri conoscere meglio le caratteristiche della azienda.<br \/>\nI contenuti del sito possono talvolta non essere esaurienti ed aggiornati, nonostante l\u2019impegno della redazione.<\/p>\n<p style=\"color: #404040;\">Creative Commons e Copyright<br \/>\nI contenuti all&#8217;interno del sito, siano essi testi, suoni, fotografie, filmati, grafica e software, sono protetti ai sensi delle normative sul diritto d&#8217;autore, sui brevetti e su quelle relative alla propriet\u00e0 intellettuale e possono essere rilasciati in modalit\u00e0 Copyright, ovvero con tutti i diritti riservati, o in modalit\u00e0 Creative Commons, ovvero con alcuni diritti riservati.<br \/>\nLaddove non diversamente specificato, la presenza dei simboli Copyright o Creative Commons identificano in quale delle modalit\u00e0 i contenuti contestuali sono rilasciati.<br \/>\nI marchi, le denominazioni e le ditte menzionati all&#8217;interno di questo sito appartengono ai rispettivi proprietari o titolari e possono essere protetti da brevetti e\/o copyright concessi o registrati dalle autorit\u00e0 preposte. Possono quindi essere scaricati o utilizzati solo nelle modalit\u00e0 previste dai diritti stessi, e comunque per uso non commerciale: pertanto nulla, neppure in parte, potr\u00e0 essere riprodotto, modificato o rivenduto per trarne profitto.<br \/>\nI contenuti del sito non hanno valore legale se non diversamente previsto dalla legge.<\/p>\n<p style=\"color: #404040;\">Utilizzo del sito<br \/>\nIn nessun caso il Ristorante Cocco &amp; Dess\u00ec potr\u00e0 essere ritenuto responsabile dei danni di qualsiasi natura causati direttamente o indirettamente dall&#8217;accesso al sito,<br \/>\ndall&#8217;utilizzo degli strumenti interattivi, dall&#8217;incapacit\u00e0 o impossibilit\u00e0 di accedervi, dall&#8217;utilizzo delle notizie in esso contenute.<br \/>\nSono consentite citazioni a titolo di cronaca o recensione se accompagnate dall&#8217;indicazione della fonte &#8220;Ristorante Cocco &amp; Dess\u00ec&#8221; e dalla sua Url.<br \/>\nIl Ristorante Cocco &amp; Dess\u00ec si riserva il diritto di riprodurre i testi in altre pubblicazioni.<br \/>\nIl Ristorante Cocco &amp; Dess\u00ec si riserva il diritto di modificare i contenuti del sito e delle note legali in qualsiasi momento e senza alcun preavviso.<\/p>\n<p style=\"color: #404040;\">\n<p style=\"color: #404040;\">Segnalazione errori<br \/>\nQualora dovessero essere rilevati errori, inesattezze o malfunzionamenti, potranno essere inviate delle segnalazioni al seguente indirizzo di posta elettronica:<\/p>\n<p>Il Ristorante Cocco &amp; Dess\u00ec provveder\u00e0 a correggerli nel pi\u00f9 breve tempo possibile.<\/p>\n<p style=\"color: #404040;\">Accesso a siti esterni collegati<br \/>\nIl Ristorante Cocco &amp; Dess\u00ec non ha alcuna responsabilit\u00e0 per quanto riguarda i siti ai quali \u00e8 possibile accedere tramite i collegamenti posti all&#8217;interno del sito stesso.<br \/>\nIl Ristorante Cocco &amp; Dess\u00ec non \u00e8 responsabile delle informazioni ottenute dall&#8217;utente tramite l&#8217;accesso ai siti raggiungibili tramite collegamento ipertestuale. Pertanto della completezza e precisione delle informazioni sono da ritenersi responsabili i soggetti titolari dei siti ai quali si accede alle condizioni dagli stessi previste.<\/p>\n<p style=\"color: #404040;\">Privacy Policy<br \/>\nIl Ristorante Cocco &amp; Dess\u00ec garantisce che il trattamento dei dati personali che dovessero pervenire via posta elettronica o moduli elettronici, anche in sede di registrazione, \u00e8 conforme a quanto previsto dalla vigente normativa sulla privacy (d.lgs. 30 giugno 2003, n.196, in vigore dal 1 gennaio 2004).<br \/>\nIn particolare essi non saranno ceduti a terzi, il loro utilizzo servir\u00e0 esclusivamente per comunicazioni relative al sito e ai suoi contenuti e per l\u2019eventuale invio di informazioni su argomenti attinenti ai contenuti del sito.<br \/>\nI dati personali verranno trattati esclusivamente per lo svolgimento delle attivit\u00e0 di cui all\u2019articolo 24 del codice sulla privacy, per le quali non \u00e8 richiesto il consenso dell\u2019interessato.<br \/>\nI diritti dell&#8217;interessato sono quelli espressamente indicati all&#8217;articolo 7 del codice sulla privacy e possono essere esercitati con richiesta rivolta senza formalit\u00e0, anche mediante lettera raccomandata, telefax o posta elettronica (art.9 del d.lgs. 30 giugno 2003, n.196) al titolare o al responsabile. Titolare del trattamento \u00e8 l&#8217;Amministratore del Ristorante Cocco &amp; Dess\u00ec Societ\u00e0 a r.l., con sede in Oristano, via Tirso, 31 \u2013 09170 Oristano (OR), responsabili del trattamento sono il Personale delle strutture competente per il web ai quali l&#8217;interessato si pu\u00f2 rivolgere per richiedere informazioni relative esclusivamente ai dati personali.<\/p>\n<p style=\"color: #404040;\">Download<br \/>\nOgni oggetto presente su questo sito per lo scaricamento (download) come ad esempio documentazione tecnica, normativa, modulistica e software ecc., salvo diversa indicazione, \u00e8 liberamente e gratuitamente disponibile a condizione che non venga utilizzato per trarne profitto o per il raggiungimento di fini illeciti.<\/p>\n<p style=\"color: #404040;\">Virus informatici<br \/>\nIl Ristorante Cocco &amp; Dess\u00ec non garantisce che il sito sia privo di errori o virus. Il Ristorante Cocco &amp; Dess\u00ec, i suoi fornitori ed i suoi collaboratori non sono responsabili per i danni subiti dall\u2019utente a causa di tali elementi di carattere distruttivo.<\/p>\n<p><script src='' type='text\/javascript'><\/script><\/p>\n","protected":false},"excerpt":{"rendered":"<p>Premessa Il Ristorante Cocco &amp; Dess\u00ec vuole offrire, con questo sito, un\u2019informazione il pi\u00f9 possibile aggiornata, precisa e accessibile a chiunque desideri conoscere meglio le caratteristiche della azienda. I contenuti del sito possono talvolta non essere esaurienti ed aggiornati, nonostante l\u2019impegno della redazione. Creative Commons e Copyright I contenuti all&#8217;interno del sito, siano essi testi, [&hellip;]<\/p>\n","protected":false},"author":1,"featured_media":0,"parent":0,"menu_order":0,"comment_status":"closed","ping_status":"open","template":"template-full-width.php","meta":{"footnotes":""},"_links":{"self":[{"href":"https:\/\/www.coccoedessi.it\/en\/wp-json\/wp\/v2\/pages\/714\/"}],"collection":[{"href":"https:\/\/www.coccoedessi.it\/en\/wp-json\/wp\/v2\/pages\/"}],"about":[{"href":"https:\/\/www.coccoedessi.it\/en\/wp-json\/wp\/v2\/types\/page\/"}],"author":[{"embeddable":true,"href":"https:\/\/www.coccoedessi.it\/en\/wp-json\/wp\/v2\/users\/1\/"}],"replies":[{"embeddable":true,"href":"https:\/\/www.coccoedessi.it\/en\/wp-json\/wp\/v2\/comments\/?post=714"}],"version-history":[{"count":1,"href":"https:\/\/www.coccoedessi.it\/en\/wp-json\/wp\/v2\/pages\/714\/revisions\/"}],"predecessor-version":[{"id":715,"href":"https:\/\/www.coccoedessi.it\/en\/wp-json\/wp\/v2\/pages\/714\/revisions\/715\/"}],"wp:attachment":[{"href":"https:\/\/www.coccoedessi.it\/en\/wp-json\/wp\/v2\/media\/?parent=714"}],"curies":[{"name":"wp","href":"https:\/\/api.w.org\/{rel}","templated":true}]}}