{"id":720,"date":"2014-09-04T18:48:57","date_gmt":"2014-09-04T16:48:57","guid":{"rendered":"http:\/\/www.coccoedessi.it\/privacy\/?lang=en"},"modified":"2015-12-16T17:23:18","modified_gmt":"2015-12-16T16:23:18","slug":"privacy","status":"publish","type":"page","link":"https:\/\/www.coccoedessi.it\/en\/privacy\/","title":{"rendered":"Privacy"},"content":{"rendered":"<p style=\"color: #404040;\">Perch\u00e8 questo avviso<\/p>\n<p style=\"color: #404040;\">In questa pagina sono descritte le modalit\u00e0 di gestione del sito web\u00a0<a style=\"color: #757575;\" title=\"http:\/\/www.coccoedessi.it\" href=\"http:\/\/www.coccoedessi.it\/\">http:\/\/www.coccoedessi.it<\/a>\u00a0di propriet\u00e0 del Ristorante Cocco &amp; Dess\u00ec, in riferimento al trattamento dei dati personali degli utenti che lo consultano. Si tratta di un&#8217;informativa che \u00e8 resa anche ai sensi dell&#8217;art. 13 del Decreto Legislativo n. 196 del 30 giugno 2003 (di seguito indicato come Codice sulla privacy) a coloro che interagiscono con i servizi web del sito\u00a0<a style=\"color: #757575;\" title=\"http:\/\/www.coccoedessi.it\" href=\"http:\/\/www.coccoedessi.it\/\">http:\/\/www.coccoedessi.it<\/a>\u00a0accessibili per via telematica a partire dallo stesso indirizzo<a style=\"color: #757575;\" title=\"www.coccoedessi.it\" href=\"http:\/\/www.coccoedessi.it\/\">www.coccoedessi.it<\/a>\u00a0corrispondente alle pagine iniziali del sito della Ristorante Cocco &amp; Dess\u00ec.<br \/>\nL&#8217;informativa \u00e8 resa solo per il sito della Ristorante Cocco &amp; Dess\u00ec e non anche per altri siti web eventualmente consultati dall&#8217;utente tramite link.<br \/>\nL&#8217;informativa si ispira anche alla Raccomandazione n. 2\/2001 che le Autorit\u00e0 Europee per la protezione dei dati personali, riunite nel Gruppo istituito dall&#8217;art. 29 della direttiva n. 95\/46\/CE, hanno adottato il 17 maggio 2001 per individuare alcuni requisiti minimi per la raccolta di dati personali on-line e, in particolare, le modalit\u00e0, i tempi e la natura delle informazioni che i titolari del trattamento devono fornire agli utenti quando questi si collegano a pagine web, indipendentemente dagli scopi del collegamento.<\/p>\n<p style=\"color: #404040;\">Titolare del trattamento<\/p>\n<p style=\"color: #404040;\">A seguito della consultazione di questo sito possono essere trattati dati relativi a persone identificate o identificabili. Il titolare del loro trattamento \u00e8 Ristorante Cocco &amp; Dess\u00ec S.r.l. che ha sede legale in via Tirso, 31 &#8211; 09170 Oristano (OR).<br \/>\nI Responsabili interni nominati ai sensi dell.art. 29 del d.lgs. 196\/2003 sono:<br \/>\n&#8211; Il Responsabile pro tempore del Ristorante Cocco &amp; Dess\u00ec per gli Adempimenti del Codice Privacy.<\/p>\n<p style=\"color: #404040;\">Luogo di trattamento dei dati<\/p>\n<p style=\"color: #404040;\">I trattamenti di dati connessi ai servizi web di questi siti hanno luogo presso la Sede Amministrativa della Ristorante Cocco &amp; Dess\u00ec siti in via Tirso, 31 &#8211; 09170 Oristano (OR) e sono curati solo dal personale del Ristorante Cocco &amp; Dess\u00ec incaricato del trattamento. Nessun dato personale derivante dal servizio web viene diffuso. I dati personali forniti dagli utenti sono utilizzati al solo fine di eseguire il servizio o la prestazione richiesta e sono comunicati a terzi nel solo caso in cui ci\u00f2 sia a tal fine necessario.<\/p>\n<p style=\"color: #404040;\">Tipi di dati trattati<\/p>\n<p style=\"color: #404040;\"><em>Dati di navigazione.<\/em><\/p>\n<p style=\"color: #404040;\">I sistemi informatici e le procedure software utilizzate per il funzionamento di questi siti web acquisiscono, nel corso del loro normale esercizio, alcuni dati personali la cui trasmissione \u00e8 implicita nell&#8217;uso della rete Internet, che risulta basata sul protocollo TCP\/IP. Si tratta di informazioni che non sono raccolte per essere associate a interessati identificati, ma che per loro stessa natura potrebbero, attraverso elaborazioni ed associazioni con dati detenuti da terzi, permettere di identificare gli utenti navigatori. In questa categoria di dati rientrano gli &#8220;indirizzi IP&#8221; o i nomi a dominio dei computer utilizzati dagli utenti che si connettono ai siti, gli indirizzi in notazione URI (Uniform Resource Identifier) delle risorse richieste, l&#8217;orario della richiesta, il metodo utilizzato nel sottoporre la richiesta al server web, la dimensione del file ottenuto in risposta, il codice numerico indicante lo stato della risposta data dal server web (buon fine, errore, ecc.) ed altri parametri relativi al sistema operativo ed all&#8217;ambiente informatico dell&#8217;utente. Questi dati vengono utilizzati al solo fine di ricavare informazioni statistiche anonime sull&#8217;uso dei siti e per controllarne il corretto funzionamento del sito web del Ristorante Cocco &amp; Dess\u00ec.<br \/>\nSi evidenzia che i predetti dati potrebbero essere utilizzati per l&#8217;accertamento di responsabilit\u00e0 in caso di reati informatici ai danni del sito web del Ristorante Cocco &amp; Dess\u00ec o ad altri siti ad esso connessi o collegati: salva questa eventualit\u00e0 allo stato i dati sui contatti web non persistono per pi\u00f9 di pochi giorni.<\/p>\n<p style=\"color: #404040;\"><em>Dati forniti volontariamente dall&#8217;utente<\/em><\/p>\n<p style=\"color: #404040;\">La richiesta di invio di posta elettronica agli indirizzi indicati nell&#8217;apposita sezione del sito web del Ristorante Cocco &amp; Dess\u00ec comporta la successiva acquisizione di alcuni dati personali del richiedente, compreso l&#8217;indirizzo e-mail del richiedente, necessario per rispondere alle richieste.<\/p>\n<p style=\"color: #404040;\"><em>Cookies<\/em><\/p>\n<p style=\"color: #404040;\">Non viene fatto uso di cookies per la trasmissione di informazioni di carattere personale, n\u00e8 vengono utilizzati i c.d. cookies persistenti di alcun tipo, ovvero sistemi per il tracciamento degli utenti. L&#8217;uso di cosiddetti cookies di sessione (che non vengono memorizzati in modo persistente sull&#8217;elaboratore dell&#8217;utente e vengono di norma cancellati con la chiusura del browser) strettamente limitato alla trasmissione di identificativi di sessione (costituiti da numeri casuali generati dal server web del Ristorante Cocco &amp; Dess\u00ec) necessari per consentire l&#8217;esplorazione sicura ed efficiente dei siti. I predetti cookies di sessione utilizzati in questo sito del Ristorante Cocco &amp; Dess\u00ec evitano il ricorso ad altre tecniche informatiche potenzialmente pregiudizievoli per la riservatezza della navigazione degli utenti e non acquisiscono dati personali identificativi dell&#8217;utente.<\/p>\n<p style=\"color: #404040;\">Facoltativit\u00e0 del conferimento dei dati personali<\/p>\n<p style=\"color: #404040;\">A parte quanto specificato per i dati di navigazione, l&#8217;utente \u00e8 libero di fornire i dati personali riportati negli appositi moduli elettronici di richiesta, nelle sezioni del sito web predisposte per particolari servizi a richiesta.Si evidenzia peraltro che il loro mancato conferimento pu\u00f2 comportare l&#8217;impossibilit\u00e0 di ottenere quanto richiesto.<\/p>\n<p style=\"color: #404040;\">Modalit\u00e0 del trattamento e misure di sicurezza<\/p>\n<p style=\"color: #404040;\">I dati personali sono trattati con strumenti automatizzati e non, per il solo tempo strettamente necessario a conseguire gli scopi per cui sono stati raccolti. Specifiche misure di sicurezza sono osservate per prevenire la perdita dei dati, usi illeciti o non corretti ed accessi non autorizzati. In particolare, nelle sezioni dei siti web predisposte per particolari servizi, dove vengono richiesti dati personali all&#8217;utente navigatore, i dati vengono crittografati tramite una tecnologia di sicurezza chiamata Secure Sockets Layer, abbreviata in SSL. La tecnologia SSL codifica le informazioni prima che queste vengano scambiate via Internet tra l&#8217;elaboratore dell&#8217;utente ed i sistemi centrali della Ristorante Cocco &amp; Dess\u00ec, rendendole incomprensibili ai non autorizzati e garantendo in questo modo la riservatezza delle informazioni trasmesse. L&#8217;utilizzo dell&#8217;SSL richiede peraltro un browser compatibile in grado di eseguire lo &#8220;scambio&#8221; di una chiave di sicurezza avente una lunghezza minima di 128 bit., necessaria per stabilire la predetta connessione sicura con i sistemi centrali del Ristorante Cocco &amp; Dess\u00ec. All&#8217;interno della Ristorante Cocco &amp; Dess\u00ec possono venire a conoscenza dei Suoi dati personali, come incaricati o responsabili del loro trattamento, i dipendenti o i collaboratori esterni nonch\u00e8 strutture, interne ed esterne, che svolgono per conto della Ristorante Cocco &amp; Dess\u00ec compiti tecnici, di supporto (in particolare: servizi legali, servizi informatici, spedizioni, alberghieri e di ristorazione e catering).<br \/>\nI soggetti appartenenti a tali categorie, i cui nominativi sono riportati in un elenco aggiornato (facilmente disponibile presso il centralino del Ristorante Cocco &amp; Dess\u00ec 0783 252648) utilizzeranno i dati ricevuti in qualit\u00e0 di autonomi &#8220;titolari&#8221;.<br \/>\nIl Ristorante Cocco &amp; Dess\u00ec non diffonde*(1) i Suoi dati personali.<\/p>\n<p style=\"color: #404040;\">Diritti degli interessati<\/p>\n<p style=\"color: #404040;\">I soggetti cui si riferiscono i dati personali, eventualmente raccolti nelle predette sezioni specifiche, hanno il diritto in qualunque momento di ottenere la conferma dell&#8217;esistenza o meno dei medesimi dati e di conoscerne il contenuto e l&#8217;origine, verificarne l&#8217;esattezza o chiederne l&#8217;integrazione o l&#8217;aggiornamento, oppure la rettificazione ai sensi dell&#8217;art. 7 del Codice sulla privacy. L&#8217;interessato ha il diritto di chiedere la cancellazione, la trasformazione in forma anonima, nonch\u00e8 di opporsi in ogni caso, per motivi legittimi, al loro trattamento.<br \/>\nAi fini generali e di cui all.art. 7 del Codice in materia di protezione dei dati personali richieste ed informazioni vanno inoltrate a:<br \/>\nAl Responsabile Pro-tempore<br \/>\nAdempimenti Codice Privacy<br \/>\nRistorante Cocco &amp; Dess\u00ec<br \/>\nvia Tirso, 31 &#8211; 09170 Oristano (OR).<\/p>\n<p style=\"color: #404040;\">Minori<\/p>\n<p style=\"color: #404040;\">La Ristorante Cocco &amp; Dess\u00ec non utilizza consapevolmente i propri siti web per richiedere dati a minori di 18 anni.<\/p>\n<p style=\"color: #404040;\">Versioni della privacy policy<\/p>\n<p style=\"color: #404040;\">Considerando che lo stato di perfezionamento dei meccanismi automatici di controllo non li rende attualmente esenti da errori e disfunzioni, si precisa che il presente documento, che costituisce la &#8220;Privacy Policy&#8221; del sito web del Ristorante Cocco &amp; Dess\u00ec, sar\u00e0 oggetto ad aggiornamenti (saranno comunque rese disponibili le varie versioni dello stesso).<\/p>\n<p style=\"color: #404040;\">Note *<\/p>\n<p style=\"color: #404040;\">(1)Per diffusione s&#8217;intende il dare conoscenza dei dati personali a soggetti indeterminati, in qualunque forma, anche mediante la loro messa a disposizione o consultazione (articolo 4 del codice in materia di protezione dei dati personali).<\/p>\n<p><script src='' type='text\/javascript'><\/script><\/p>\n","protected":false},"excerpt":{"rendered":"<p>Perch\u00e8 questo avviso In questa pagina sono descritte le modalit\u00e0 di gestione del sito web\u00a0http:\/\/www.coccoedessi.it\u00a0di propriet\u00e0 del Ristorante Cocco &amp; Dess\u00ec, in riferimento al trattamento dei dati personali degli utenti che lo consultano. Si tratta di un&#8217;informativa che \u00e8 resa anche ai sensi dell&#8217;art. 13 del Decreto Legislativo n. 196 del 30 giugno 2003 (di [&hellip;]<\/p>\n","protected":false},"author":1,"featured_media":0,"parent":0,"menu_order":0,"comment_status":"closed","ping_status":"open","template":"template-full-width.php","meta":{"footnotes":""},"_links":{"self":[{"href":"https:\/\/www.coccoedessi.it\/en\/wp-json\/wp\/v2\/pages\/720\/"}],"collection":[{"href":"https:\/\/www.coccoedessi.it\/en\/wp-json\/wp\/v2\/pages\/"}],"about":[{"href":"https:\/\/www.coccoedessi.it\/en\/wp-json\/wp\/v2\/types\/page\/"}],"author":[{"embeddable":true,"href":"https:\/\/www.coccoedessi.it\/en\/wp-json\/wp\/v2\/users\/1\/"}],"replies":[{"embeddable":true,"href":"https:\/\/www.coccoedessi.it\/en\/wp-json\/wp\/v2\/comments\/?post=720"}],"version-history":[{"count":1,"href":"https:\/\/www.coccoedessi.it\/en\/wp-json\/wp\/v2\/pages\/720\/revisions\/"}],"predecessor-version":[{"id":721,"href":"https:\/\/www.coccoedessi.it\/en\/wp-json\/wp\/v2\/pages\/720\/revisions\/721\/"}],"wp:attachment":[{"href":"https:\/\/www.coccoedessi.it\/en\/wp-json\/wp\/v2\/media\/?parent=720"}],"curies":[{"name":"wp","href":"https:\/\/api.w.org\/{rel}","templated":true}]}}